{"id":955,"date":"2015-11-02T17:59:22","date_gmt":"2015-11-02T20:59:22","guid":{"rendered":"https:\/\/py2gw.qsl.br\/?page_id=955"},"modified":"2025-11-03T23:02:19","modified_gmt":"2025-11-04T02:02:19","slug":"radios","status":"publish","type":"page","link":"https:\/\/py2gw.qsl.br\/?page_id=955","title":{"rendered":"R\u00e1dios"},"content":{"rendered":"<p><a href=\"http:\/\/www.aminharadio.com\/radio\/index.php\" target=\"_blank\">A minha R\u00e1dio &#8211; hist\u00f3ria do r\u00e1dio etc.<\/a><\/p>\n<p><a href=\"http:\/\/www.amantesdoradio.com.br\/\" target=\"_blank\">Amantes do R\u00e1dio<\/a><\/p>\n<p><a href=\"http:\/\/www.sarmento.eng.br\/ondascurtas.htm\" target=\"_blank\">Radioescuta e DX, com Sarmento<\/a><\/p>\n","protected":false},"excerpt":{"rendered":"<p>A minha R\u00e1dio &#8211; hist\u00f3ria do r\u00e1dio etc. Amantes do R\u00e1dio Radioescuta e DX, com Sarmento<\/p>\n","protected":false},"author":8,"featured_media":0,"parent":0,"menu_order":0,"comment_status":"closed","ping_status":"closed","template":"","meta":{"footnotes":""},"class_list":["post-955","page","type-page","status-publish","hentry"],"_links":{"self":[{"href":"https:\/\/py2gw.qsl.br\/index.php?rest_route=\/wp\/v2\/pages\/955","targetHints":{"allow":["GET"]}}],"collection":[{"href":"https:\/\/py2gw.qsl.br\/index.php?rest_route=\/wp\/v2\/pages"}],"about":[{"href":"https:\/\/py2gw.qsl.br\/index.php?rest_route=\/wp\/v2\/types\/page"}],"author":[{"embeddable":true,"href":"https:\/\/py2gw.qsl.br\/index.php?rest_route=\/wp\/v2\/users\/8"}],"replies":[{"embeddable":true,"href":"https:\/\/py2gw.qsl.br\/index.php?rest_route=%2Fwp%2Fv2%2Fcomments&post=955"}],"version-history":[{"count":12,"href":"https:\/\/py2gw.qsl.br\/index.php?rest_route=\/wp\/v2\/pages\/955\/revisions"}],"predecessor-version":[{"id":1046,"href":"https:\/\/py2gw.qsl.br\/index.php?rest_route=\/wp\/v2\/pages\/955\/revisions\/1046"}],"wp:attachment":[{"href":"https:\/\/py2gw.qsl.br\/index.php?rest_route=%2Fwp%2Fv2%2Fmedia&parent=955"}],"curies":[{"name":"wp","href":"https:\/\/api.w.org\/{rel}","templated":true}]}}