{"id":937,"date":"2015-11-02T10:00:37","date_gmt":"2015-11-02T13:00:37","guid":{"rendered":"https:\/\/py2gw.qsl.br\/?page_id=937"},"modified":"2025-11-03T14:49:49","modified_gmt":"2025-11-03T17:49:49","slug":"clubes","status":"publish","type":"page","link":"https:\/\/py2gw.qsl.br\/?page_id=937","title":{"rendered":"Clubes"},"content":{"rendered":"<p><a href=\"https:\/\/www.araf.org.br\/\" target=\"_blank\">ARAF &#8211; Associa\u00e7\u00e3o de Radioamadores de Florian\u00f3polis<\/a><\/p>\n<p><a href=\"http:\/\/www.araucariadx.com.br\/\" target=\"_blank\">Arauc\u00e1ria DX Group<\/a><\/p>\n<p><a href=\"http:\/\/www.arrl.org\/home\/\" target=\"_blank\">ARRL \u2013 Liga Americana de Radioamadores<\/a><\/p>\n<p><a href=\"http:\/\/www.cwops.org\/\" target=\"_blank\">CWops &#8211; Clube dos Operadores de CW<\/a><\/p>\n<p><a href=\"http:\/\/conferenciamanaus.wordpress.com\/\" target=\"_blank\">Confer\u00eancia Manaus<\/a><\/p>\n<p><a href=\"http:\/\/www.ondascurtas.com\/\" target=\"_blank\">DX Clube do Brasil<\/a><\/p>\n<p><a href=\"http:\/\/www.g4foc.org\/\" target=\"_blank\">FOC &#8211; First Class CW Operators&#8217; Club<\/a><\/p>\n<p><a href=\"http:\/\/www.labre.org.br\/\" target=\"_blank\">LABRE Federal<\/a><\/p>\n<p><a href=\"http:\/\/www.labre-sp.org.br\/\" target=\"_blank\">LABRE SP<\/a><\/p>\n<p><a href=\"http:\/\/www.norcalqrp.org\/\" target=\"_blank\">Nor-Cal QRP Club<\/a><\/p>\n<p><a href=\"http:\/\/www.escoteirossp.org.br\/radioescotismo\/\" target=\"_blank\">Radioescotismo<\/a><\/p>\n<p><a href=\"http:\/\/www.813am.qsl.br\/\" target=\"_blank\">Site da 813<\/a><\/p>\n<p><a href=\"https:\/\/www.sarcnet.org\/default.html\" target=\"_blank\">SARCNet &#8211; School Amateur Radio Club<\/a><\/p>\n","protected":false},"excerpt":{"rendered":"<p>ARAF &#8211; Associa\u00e7\u00e3o de Radioamadores de Florian\u00f3polis Arauc\u00e1ria DX Group ARRL \u2013 Liga Americana de Radioamadores CWops &#8211; Clube dos Operadores de CW Confer\u00eancia Manaus DX Clube do Brasil FOC &#8211; First Class CW Operators&#8217; Club LABRE Federal LABRE SP &hellip; <a href=\"https:\/\/py2gw.qsl.br\/?page_id=937\">Continue lendo <span class=\"meta-nav\">&rarr;<\/span><\/a><\/p>\n","protected":false},"author":8,"featured_media":0,"parent":0,"menu_order":0,"comment_status":"closed","ping_status":"closed","template":"","meta":{"footnotes":""},"class_list":["post-937","page","type-page","status-publish","hentry"],"_links":{"self":[{"href":"https:\/\/py2gw.qsl.br\/index.php?rest_route=\/wp\/v2\/pages\/937","targetHints":{"allow":["GET"]}}],"collection":[{"href":"https:\/\/py2gw.qsl.br\/index.php?rest_route=\/wp\/v2\/pages"}],"about":[{"href":"https:\/\/py2gw.qsl.br\/index.php?rest_route=\/wp\/v2\/types\/page"}],"author":[{"embeddable":true,"href":"https:\/\/py2gw.qsl.br\/index.php?rest_route=\/wp\/v2\/users\/8"}],"replies":[{"embeddable":true,"href":"https:\/\/py2gw.qsl.br\/index.php?rest_route=%2Fwp%2Fv2%2Fcomments&post=937"}],"version-history":[{"count":25,"href":"https:\/\/py2gw.qsl.br\/index.php?rest_route=\/wp\/v2\/pages\/937\/revisions"}],"predecessor-version":[{"id":941,"href":"https:\/\/py2gw.qsl.br\/index.php?rest_route=\/wp\/v2\/pages\/937\/revisions\/941"}],"wp:attachment":[{"href":"https:\/\/py2gw.qsl.br\/index.php?rest_route=%2Fwp%2Fv2%2Fmedia&parent=937"}],"curies":[{"name":"wp","href":"https:\/\/api.w.org\/{rel}","templated":true}]}}